{"id":3,"date":"2023-03-17T12:07:21","date_gmt":"2023-03-17T11:07:21","guid":{"rendered":"http:\/\/launch2023.pohlmann-architektur.de\/?page_id=3"},"modified":"2024-11-14T11:07:09","modified_gmt":"2024-11-14T10:07:09","slug":"datenschutzerklaerung","status":"publish","type":"page","link":"https:\/\/launch2023.pohlmann-architektur.de\/?page_id=3","title":{"rendered":"Datenschutz"},"content":{"rendered":"\t\t<div data-elementor-type=\"wp-page\" data-elementor-id=\"3\" class=\"elementor elementor-3\" data-elementor-post-type=\"page\">\n\t\t\t\t<div class=\"elementor-element elementor-element-29fe4263 e-con-full animated-slow e-flex e-con e-parent\" data-id=\"29fe4263\" data-element_type=\"container\" data-e-type=\"container\" data-settings=\"{&quot;animation&quot;:&quot;none&quot;}\">\n\t\t<div class=\"elementor-element elementor-element-55cc5a e-flex e-con-boxed e-con e-child\" data-id=\"55cc5a\" data-element_type=\"container\" data-e-type=\"container\">\n\t\t\t\t\t<div class=\"e-con-inner\">\n\t\t\t\t<div class=\"elementor-element elementor-element-2e9750e2 elementor-widget elementor-widget-spacer\" data-id=\"2e9750e2\" data-element_type=\"widget\" data-e-type=\"widget\" data-widget_type=\"spacer.default\">\n\t\t\t\t<div class=\"elementor-widget-container\">\n\t\t\t\t\t\t\t<div class=\"elementor-spacer\">\n\t\t\t<div class=\"elementor-spacer-inner\"><\/div>\n\t\t<\/div>\n\t\t\t\t\t\t<\/div>\n\t\t\t\t<\/div>\n\t\t\t\t<div class=\"elementor-element elementor-element-2de4b12b elementor-widget elementor-widget-heading\" data-id=\"2de4b12b\" data-element_type=\"widget\" data-e-type=\"widget\" data-widget_type=\"heading.default\">\n\t\t\t\t<div class=\"elementor-widget-container\">\n\t\t\t\t\t<h2 class=\"elementor-heading-title elementor-size-default\">DATENSCHUTZERKL\u00c4RUNG<\/h2>\t\t\t\t<\/div>\n\t\t\t\t<\/div>\n\t\t\t\t<div class=\"elementor-element elementor-element-bb8128d elementor-widget elementor-widget-text-editor\" data-id=\"bb8128d\" data-element_type=\"widget\" data-e-type=\"widget\" data-widget_type=\"text-editor.default\">\n\t\t\t\t<div class=\"elementor-widget-container\">\n\t\t\t\t\t\t\t\t\t<p><b style=\"font-style: inherit; text-align: var(--text-align);\">1. Datenschutz auf einen Blick<\/b><\/p><p><em>Allgemeine Hinweise\u00a0<\/em><u><br \/><\/u><span style=\"font-style: inherit; text-align: var(--text-align);\">Die folgenden Hinweise bieten einen einfachen \u00dcberblick dar\u00fcber, was mit Ihren personenbezogenen Daten passiert, wenn Sie diese Website besuchen. Personenbezogene Daten sind alle Informationen, mit denen Sie pers\u00f6nlich identifiziert werden k\u00f6nnen. Detaillierte Informationen zum Thema Datenschutz finden Sie in unserer unten aufgef\u00fchrten Datenschutzerkl\u00e4rung.<\/span><\/p><p><b><br \/>Datenerfassung auf dieser Website<\/b><\/p><p><i>Wer ist verantwortlich f\u00fcr die Datenerfassung auf dieser Website?\u00a0<br \/><\/i><span style=\"font-style: inherit; text-align: var(--text-align);\">Die Datenverarbeitung auf dieser Website erfolgt durch den Websitebetreiber. Die Kontaktdaten des Betreibers finden Sie im Abschnitt \u201eHinweis zur verantwortlichen Stelle\u201c dieser Datenschutzerkl\u00e4rung.<\/span><\/p><p><i>Wie erfassen wir Ihre Daten?\u00a0<br \/><\/i><span style=\"font-style: inherit; text-align: var(--text-align);\">Ihre Daten werden einerseits dadurch erhoben, dass Sie uns diese mitteilen, beispielsweise durch Eingabe in ein Kontaktformular. Andere Daten werden automatisch oder nach Ihrer Einwilligung beim Besuch der Website durch unsere IT-Systeme erfasst. Das betrifft vor allem technische Daten (z. B. Internetbrowser, Betriebssystem, Uhrzeit des Seitenaufrufs). Diese Daten werden automatisch erfasst, sobald Sie die Website betreten.<\/span><\/p><p><i>Wof\u00fcr nutzen wir Ihre Daten?\u00a0<br \/><\/i><span style=\"font-style: inherit; text-align: var(--text-align);\">Ein Teil der Daten wird erhoben, um eine fehlerfreie Bereitstellung der Website zu gew\u00e4hrleisten. Andere Daten k\u00f6nnen zur Analyse Ihres Nutzerverhaltens verwendet werden. Sofern \u00fcber die Website Vertr\u00e4ge geschlossen oder angebahnt werden, werden die \u00fcbermittelten Daten auch f\u00fcr Vertragsangebote, Bestellungen oder sonstige Auftragsanfragen verarbeitet.<\/span><\/p><p><i>Welche Rechte haben Sie bez\u00fcglich Ihrer Daten?\u00a0<br \/><\/i><span style=\"font-style: inherit; text-align: var(--text-align);\">Sie haben jederzeit das Recht, unentgeltlich Auskunft \u00fcber die Herkunft, Empf\u00e4nger und Zweck Ihrer gespeicherten personenbezogenen Daten zu erhalten. Ebenso haben Sie ein Recht auf Berichtigung oder L\u00f6schung dieser Daten. Wenn Sie eine Einwilligung zur Datenverarbeitung erteilt haben, k\u00f6nnen Sie diese jederzeit f\u00fcr die Zukunft widerrufen. Zudem haben Sie das Recht, unter bestimmten Umst\u00e4nden die Einschr\u00e4nkung der Verarbeitung Ihrer Daten zu verlangen und ein Beschwerderecht bei der zust\u00e4ndigen Aufsichtsbeh\u00f6rde.<\/span><\/p><p><b><br \/>2. Hosting<\/b><\/p><p><i>Externes Hosting\u00a0<br \/><\/i><span style=\"font-style: inherit; text-align: var(--text-align);\">Diese Website wird extern gehostet. Die personenbezogenen Daten, die auf dieser Website erfasst werden, werden auf den Servern des Hosters gespeichert. Dabei handelt es sich insbesondere um IP-Adressen, Kontaktanfragen, Meta- und Kommunikationsdaten, Vertragsdaten, Kontaktdaten, Namen und Websitezugriffe.<\/span><\/p><p>Das Hosting erfolgt zum Zweck der Vertragserf\u00fcllung gegen\u00fcber unseren potenziellen und bestehenden Kunden (Art. 6 Abs. 1 lit. b DSGVO) und im Interesse einer sicheren, schnellen und effizienten Bereitstellung unseres Online-Angebots durch einen professionellen Anbieter (Art. 6 Abs. 1 lit. f DSGVO). Bei abgefragter Einwilligung erfolgt die Verarbeitung gem\u00e4\u00df Art. 6 Abs. 1 lit. a DSGVO und \u00a7 25 Abs. 1 TTDSG.<\/p><p><i>Hoster:\u00a0<br \/><\/i><span style=\"font-style: inherit; text-align: var(--text-align);\">kaikaito IT GmbH<br \/><\/span><span style=\"font-style: inherit; text-align: var(--text-align);\">An den Werften 11<br \/>68782 Br\u00fchl<\/span><\/p><p>Ein Vertrag zur Auftragsverarbeitung (AVV) wurde zur Nutzung des oben genannten Dienstes abgeschlossen.<\/p><p><b><br \/>3. Allgemeine Hinweise und Pflichtinformationen<\/b><\/p><p><i>Datenschutz<\/i><u>\u00a0<br \/><\/u><span style=\"font-style: inherit; text-align: var(--text-align);\">Die Betreiber dieser Seiten nehmen den Schutz Ihrer pers\u00f6nlichen Daten sehr ernst und behandeln diese vertraulich sowie entsprechend den gesetzlichen Datenschutzvorschriften. Wenn Sie diese Website benutzen, werden verschiedene personenbezogene Daten erhoben, wie z. B. Namen oder E-Mail-Adressen. Diese Datenschutzerkl\u00e4rung erl\u00e4utert, welche Daten erhoben werden und zu welchem Zweck.<\/span><\/p><p><b>Hinweis zur verantwortlichen Stelle<br \/><\/b><i>Verantwortliche Stelle:<br \/><\/i>kaikaito IT GmbH<br \/>An den Werften 11<br \/>68782 Br\u00fchl<br \/>Telefon: 06202 95311-0<br \/>E-Mail: support@kaikaito.de<\/p><p><i>Speicherdauer<br \/><\/i>Sofern in dieser Datenschutzerkl\u00e4rung keine speziellere Speicherdauer genannt wurde, verbleiben Ihre Daten bei uns, bis der Zweck f\u00fcr die Datenverarbeitung entf\u00e4llt.<\/p><p><i>Allgemeine Hinweise zu den Rechtsgrundlagen<br \/><\/i>Personenbezogene Daten werden gem\u00e4\u00df Art. 6 Abs. 1 lit. a DSGVO (Einwilligung), Art. 6 Abs. 1 lit. b DSGVO (Vertragserf\u00fcllung) oder Art. 6 Abs. 1 lit. f DSGVO (berechtigtes Interesse) verarbeitet.<\/p><p><b><br \/>4. Datenerfassung auf dieser Website<\/b><\/p><p><i>Cookies<\/i><br \/>Unsere Website verwendet Cookies, um bestimmte Funktionen bereitzustellen. Sie k\u00f6nnen Ihren Browser so einstellen, dass Sie \u00fcber das Setzen von Cookies informiert werden und Cookies nur im Einzelfall erlauben.<\/p><p><b><br \/>5. Plugins und Tools<\/b><\/p><p><i>Google Fonts (lokales Hosting)<br \/><\/i>Zur einheitlichen Darstellung von Schriftarten verwenden wir Google Fonts. Diese sind lokal installiert, sodass keine Verbindung zu Servern von Google erfolgt.<\/p><p><i>Anfrage per E-Mail, Telefon oder Fax<br \/><\/i><span style=\"font-style: inherit; text-align: var(--text-align);\">Wenn Sie uns per E-Mail, Telefon oder Fax kontaktieren, werden Ihre Anfrage und die daraus hervorgehenden Daten (z. B. Name) zur Bearbeitung Ihres Anliegens bei uns gespeichert. Diese Daten geben wir ohne Ihre Einwilligung nicht weiter.<\/span><\/p><p><em>Quelle: eRecht24<\/em><\/p>\t\t\t\t\t\t\t\t<\/div>\n\t\t\t\t<\/div>\n\t\t\t\t<div class=\"elementor-element elementor-element-5995bacc elementor-widget elementor-widget-spacer\" data-id=\"5995bacc\" data-element_type=\"widget\" data-e-type=\"widget\" data-widget_type=\"spacer.default\">\n\t\t\t\t<div class=\"elementor-widget-container\">\n\t\t\t\t\t\t\t<div class=\"elementor-spacer\">\n\t\t\t<div class=\"elementor-spacer-inner\"><\/div>\n\t\t<\/div>\n\t\t\t\t\t\t<\/div>\n\t\t\t\t<\/div>\n\t\t\t\t\t<\/div>\n\t\t\t\t<\/div>\n\t\t\t\t<\/div>\n\t\t\t\t<\/div>\n\t\t","protected":false},"excerpt":{"rendered":"<p>DATENSCHUTZERKL\u00c4RUNG 1. Datenschutz auf einen Blick Allgemeine Hinweise\u00a0Die folgenden Hinweise bieten einen einfachen \u00dcberblick dar\u00fcber, was mit Ihren personenbezogenen Daten [&hellip;]<\/p>\n","protected":false},"author":1,"featured_media":0,"parent":0,"menu_order":0,"comment_status":"closed","ping_status":"closed","template":"elementor_header_footer","meta":{"site-sidebar-layout":"default","site-content-layout":"","ast-site-content-layout":"","site-content-style":"default","site-sidebar-style":"default","ast-global-header-display":"","ast-banner-title-visibility":"","ast-main-header-display":"","ast-hfb-above-header-display":"","ast-hfb-below-header-display":"","ast-hfb-mobile-header-display":"","site-post-title":"","ast-breadcrumbs-content":"","ast-featured-img":"","footer-sml-layout":"","theme-transparent-header-meta":"","adv-header-id-meta":"","stick-header-meta":"","header-above-stick-meta":"","header-main-stick-meta":"","header-below-stick-meta":"","astra-migrate-meta-layouts":"default","ast-page-background-enabled":"default","ast-page-background-meta":{"desktop":{"background-color":"var(--ast-global-color-4)","background-image":"","background-repeat":"repeat","background-position":"center center","background-size":"auto","background-attachment":"scroll","background-type":"","background-media":"","overlay-type":"","overlay-color":"","overlay-opacity":"","overlay-gradient":""},"tablet":{"background-color":"","background-image":"","background-repeat":"repeat","background-position":"center center","background-size":"auto","background-attachment":"scroll","background-type":"","background-media":"","overlay-type":"","overlay-color":"","overlay-opacity":"","overlay-gradient":""},"mobile":{"background-color":"","background-image":"","background-repeat":"repeat","background-position":"center center","background-size":"auto","background-attachment":"scroll","background-type":"","background-media":"","overlay-type":"","overlay-color":"","overlay-opacity":"","overlay-gradient":""}},"ast-content-background-meta":{"desktop":{"background-color":"var(--ast-global-color-5)","background-image":"","background-repeat":"repeat","background-position":"center center","background-size":"auto","background-attachment":"scroll","background-type":"","background-media":"","overlay-type":"","overlay-color":"","overlay-opacity":"","overlay-gradient":""},"tablet":{"background-color":"var(--ast-global-color-5)","background-image":"","background-repeat":"repeat","background-position":"center center","background-size":"auto","background-attachment":"scroll","background-type":"","background-media":"","overlay-type":"","overlay-color":"","overlay-opacity":"","overlay-gradient":""},"mobile":{"background-color":"var(--ast-global-color-5)","background-image":"","background-repeat":"repeat","background-position":"center center","background-size":"auto","background-attachment":"scroll","background-type":"","background-media":"","overlay-type":"","overlay-color":"","overlay-opacity":"","overlay-gradient":""}},"footnotes":""},"class_list":["post-3","page","type-page","status-publish","hentry"],"_links":{"self":[{"href":"https:\/\/launch2023.pohlmann-architektur.de\/index.php?rest_route=\/wp\/v2\/pages\/3","targetHints":{"allow":["GET"]}}],"collection":[{"href":"https:\/\/launch2023.pohlmann-architektur.de\/index.php?rest_route=\/wp\/v2\/pages"}],"about":[{"href":"https:\/\/launch2023.pohlmann-architektur.de\/index.php?rest_route=\/wp\/v2\/types\/page"}],"author":[{"embeddable":true,"href":"https:\/\/launch2023.pohlmann-architektur.de\/index.php?rest_route=\/wp\/v2\/users\/1"}],"replies":[{"embeddable":true,"href":"https:\/\/launch2023.pohlmann-architektur.de\/index.php?rest_route=%2Fwp%2Fv2%2Fcomments&post=3"}],"version-history":[{"count":38,"href":"https:\/\/launch2023.pohlmann-architektur.de\/index.php?rest_route=\/wp\/v2\/pages\/3\/revisions"}],"predecessor-version":[{"id":2591,"href":"https:\/\/launch2023.pohlmann-architektur.de\/index.php?rest_route=\/wp\/v2\/pages\/3\/revisions\/2591"}],"wp:attachment":[{"href":"https:\/\/launch2023.pohlmann-architektur.de\/index.php?rest_route=%2Fwp%2Fv2%2Fmedia&parent=3"}],"curies":[{"name":"wp","href":"https:\/\/api.w.org\/{rel}","templated":true}]}}