{"id":2472,"date":"2024-11-13T16:12:59","date_gmt":"2024-11-13T15:12:59","guid":{"rendered":"https:\/\/launch2023.pohlmann-architektur.de\/?page_id=2472"},"modified":"2024-11-14T10:55:23","modified_gmt":"2024-11-14T09:55:23","slug":"impressum","status":"publish","type":"page","link":"https:\/\/launch2023.pohlmann-architektur.de\/?page_id=2472","title":{"rendered":"Impressum"},"content":{"rendered":"\t\t<div data-elementor-type=\"wp-page\" data-elementor-id=\"2472\" class=\"elementor elementor-2472\" data-elementor-post-type=\"page\">\n\t\t\t\t<div class=\"elementor-element elementor-element-307fd8d0 e-con-full animated-slow e-flex e-con e-parent\" data-id=\"307fd8d0\" data-element_type=\"container\" data-e-type=\"container\" data-settings=\"{&quot;animation&quot;:&quot;none&quot;}\">\n\t\t<div class=\"elementor-element elementor-element-2e7a79eb e-flex e-con-boxed e-con e-child\" data-id=\"2e7a79eb\" data-element_type=\"container\" data-e-type=\"container\">\n\t\t\t\t\t<div class=\"e-con-inner\">\n\t\t\t\t<div class=\"elementor-element elementor-element-c885bb1 elementor-widget elementor-widget-spacer\" data-id=\"c885bb1\" data-element_type=\"widget\" data-e-type=\"widget\" data-widget_type=\"spacer.default\">\n\t\t\t\t<div class=\"elementor-widget-container\">\n\t\t\t\t\t\t\t<div class=\"elementor-spacer\">\n\t\t\t<div class=\"elementor-spacer-inner\"><\/div>\n\t\t<\/div>\n\t\t\t\t\t\t<\/div>\n\t\t\t\t<\/div>\n\t\t\t\t<div class=\"elementor-element elementor-element-254b6ea elementor-widget elementor-widget-heading\" data-id=\"254b6ea\" data-element_type=\"widget\" data-e-type=\"widget\" data-widget_type=\"heading.default\">\n\t\t\t\t<div class=\"elementor-widget-container\">\n\t\t\t\t\t<h2 class=\"elementor-heading-title elementor-size-default\">IMPRESSUM<\/h2>\t\t\t\t<\/div>\n\t\t\t\t<\/div>\n\t\t\t\t<div class=\"elementor-element elementor-element-167141db elementor-widget elementor-widget-text-editor\" data-id=\"167141db\" data-element_type=\"widget\" data-e-type=\"widget\" data-widget_type=\"text-editor.default\">\n\t\t\t\t<div class=\"elementor-widget-container\">\n\t\t\t\t\t\t\t\t\t<p><b>Dipl.-Ing. (FH) Andreas Pohlmann<br \/>Freier Architekt<br \/><\/b>Vangerowstra\u00dfe 43<br \/>69115 Heidelberg<br \/>Fon 06221 65537 25<br \/>Fax 06221 65537 26<br \/>Mobil 0163 3618543<\/p><p>www.pohlmann-architektur.de<br \/>info(at)pohlmann-architektur.de<\/p><p><span style=\"font-style: inherit; text-align: var(--text-align);\">Umsatzsteuer-Identifikationsnummer gem\u00e4\u00df \u00a7 27 a Umsatzsteuergesetz:\u00a0<br \/><\/span><span style=\"font-style: inherit; text-align: var(--text-align);\">DE 42 981 755 603<\/span><\/p><p>Dipl. Ing. (FH) Andreas Pohlmann ist Mitglied der <br \/>Architektenkammer Baden-W\u00fcrttemberg (AKBW)<br \/>Danneckerstra\u00dfe 54<br \/>70182 Stuttgart.<\/p><p>Die Berechtigung zur F\u00fchrung der Berufsbezeichnung &#8222;Architekt&#8220; ergibt sich aus der Eintragung in die Architektenliste der Architektenkammer Baden-W\u00fcrttemberg (Bundesrepublik Deutschland).<br \/>Dipl. Ing. (FH) Andreas Pohlmann unterliegt den berufsrechtlichen Regelungen des Architektengesetzes Baden-W\u00fcrttemberg (ArchG BW) sowie der Satzung der Architektenkammer Baden-W\u00fcrttemberg. Der Text kann eingesehen werden \u00fcber die Internetseite der Architektenkammer Baden-W\u00fcrttemberg unter http:\/\/www.akbw.de\/recht\/architektengesetz-und-kammerordnung.html.<\/p><p><b>Haftungshinweis<\/b><br \/>Trotz sorgf\u00e4ltiger inhaltlicher Kontrolle \u00fcbernehmen wir keine Haftung f\u00fcr Inhalte externer Links. F\u00fcr den Inhalt der verlinkten Seiten sind ausschlie\u00dflich deren Betreiber verantwortlich.<\/p>\t\t\t\t\t\t\t\t<\/div>\n\t\t\t\t<\/div>\n\t\t\t\t<div class=\"elementor-element elementor-element-275ff398 elementor-widget elementor-widget-spacer\" data-id=\"275ff398\" data-element_type=\"widget\" data-e-type=\"widget\" data-widget_type=\"spacer.default\">\n\t\t\t\t<div class=\"elementor-widget-container\">\n\t\t\t\t\t\t\t<div class=\"elementor-spacer\">\n\t\t\t<div class=\"elementor-spacer-inner\"><\/div>\n\t\t<\/div>\n\t\t\t\t\t\t<\/div>\n\t\t\t\t<\/div>\n\t\t\t\t\t<\/div>\n\t\t\t\t<\/div>\n\t\t\t\t<\/div>\n\t\t\t\t<\/div>\n\t\t","protected":false},"excerpt":{"rendered":"<p>IMPRESSUM Dipl.-Ing. (FH) Andreas PohlmannFreier ArchitektVangerowstra\u00dfe 4369115 HeidelbergFon 06221 65537 25Fax 06221 65537 26Mobil 0163 3618543 www.pohlmann-architektur.deinfo(at)pohlmann-architektur.de Umsatzsteuer-Identifikationsnummer gem\u00e4\u00df \u00a7 [&hellip;]<\/p>\n","protected":false},"author":1,"featured_media":0,"parent":0,"menu_order":0,"comment_status":"closed","ping_status":"closed","template":"elementor_header_footer","meta":{"site-sidebar-layout":"default","site-content-layout":"","ast-site-content-layout":"","site-content-style":"default","site-sidebar-style":"default","ast-global-header-display":"","ast-banner-title-visibility":"","ast-main-header-display":"","ast-hfb-above-header-display":"","ast-hfb-below-header-display":"","ast-hfb-mobile-header-display":"","site-post-title":"","ast-breadcrumbs-content":"","ast-featured-img":"","footer-sml-layout":"","theme-transparent-header-meta":"","adv-header-id-meta":"","stick-header-meta":"","header-above-stick-meta":"","header-main-stick-meta":"","header-below-stick-meta":"","astra-migrate-meta-layouts":"default","ast-page-background-enabled":"default","ast-page-background-meta":{"desktop":{"background-color":"var(--ast-global-color-4)","background-image":"","background-repeat":"repeat","background-position":"center center","background-size":"auto","background-attachment":"scroll","background-type":"","background-media":"","overlay-type":"","overlay-color":"","overlay-opacity":"","overlay-gradient":""},"tablet":{"background-color":"","background-image":"","background-repeat":"repeat","background-position":"center center","background-size":"auto","background-attachment":"scroll","background-type":"","background-media":"","overlay-type":"","overlay-color":"","overlay-opacity":"","overlay-gradient":""},"mobile":{"background-color":"","background-image":"","background-repeat":"repeat","background-position":"center center","background-size":"auto","background-attachment":"scroll","background-type":"","background-media":"","overlay-type":"","overlay-color":"","overlay-opacity":"","overlay-gradient":""}},"ast-content-background-meta":{"desktop":{"background-color":"var(--ast-global-color-5)","background-image":"","background-repeat":"repeat","background-position":"center center","background-size":"auto","background-attachment":"scroll","background-type":"","background-media":"","overlay-type":"","overlay-color":"","overlay-opacity":"","overlay-gradient":""},"tablet":{"background-color":"var(--ast-global-color-5)","background-image":"","background-repeat":"repeat","background-position":"center center","background-size":"auto","background-attachment":"scroll","background-type":"","background-media":"","overlay-type":"","overlay-color":"","overlay-opacity":"","overlay-gradient":""},"mobile":{"background-color":"var(--ast-global-color-5)","background-image":"","background-repeat":"repeat","background-position":"center center","background-size":"auto","background-attachment":"scroll","background-type":"","background-media":"","overlay-type":"","overlay-color":"","overlay-opacity":"","overlay-gradient":""}},"footnotes":""},"class_list":["post-2472","page","type-page","status-publish","hentry"],"_links":{"self":[{"href":"https:\/\/launch2023.pohlmann-architektur.de\/index.php?rest_route=\/wp\/v2\/pages\/2472","targetHints":{"allow":["GET"]}}],"collection":[{"href":"https:\/\/launch2023.pohlmann-architektur.de\/index.php?rest_route=\/wp\/v2\/pages"}],"about":[{"href":"https:\/\/launch2023.pohlmann-architektur.de\/index.php?rest_route=\/wp\/v2\/types\/page"}],"author":[{"embeddable":true,"href":"https:\/\/launch2023.pohlmann-architektur.de\/index.php?rest_route=\/wp\/v2\/users\/1"}],"replies":[{"embeddable":true,"href":"https:\/\/launch2023.pohlmann-architektur.de\/index.php?rest_route=%2Fwp%2Fv2%2Fcomments&post=2472"}],"version-history":[{"count":36,"href":"https:\/\/launch2023.pohlmann-architektur.de\/index.php?rest_route=\/wp\/v2\/pages\/2472\/revisions"}],"predecessor-version":[{"id":2577,"href":"https:\/\/launch2023.pohlmann-architektur.de\/index.php?rest_route=\/wp\/v2\/pages\/2472\/revisions\/2577"}],"wp:attachment":[{"href":"https:\/\/launch2023.pohlmann-architektur.de\/index.php?rest_route=%2Fwp%2Fv2%2Fmedia&parent=2472"}],"curies":[{"name":"wp","href":"https:\/\/api.w.org\/{rel}","templated":true}]}}