{"id":1907,"date":"2024-11-07T11:08:29","date_gmt":"2024-11-07T10:08:29","guid":{"rendered":"https:\/\/launch2023.pohlmann-architektur.de\/?page_id=1907"},"modified":"2024-11-08T10:19:56","modified_gmt":"2024-11-08T09:19:56","slug":"projekt-campbell-barracks","status":"publish","type":"page","link":"https:\/\/launch2023.pohlmann-architektur.de\/?page_id=1907","title":{"rendered":"\u2013 Projekt Campbell Barracks"},"content":{"rendered":"\t\t<div data-elementor-type=\"wp-page\" data-elementor-id=\"1907\" class=\"elementor elementor-1907\" data-elementor-post-type=\"page\">\n\t\t\t\t<div class=\"elementor-element elementor-element-5aa2a66a e-con-full e-flex e-con e-parent\" data-id=\"5aa2a66a\" data-element_type=\"container\" data-e-type=\"container\" data-settings=\"{&quot;background_background&quot;:&quot;classic&quot;}\">\n\t\t\t\t<\/div>\n\t\t<div class=\"elementor-element elementor-element-73ad4011 e-con-full animated-slow elementor-hidden-mobile e-grid e-con e-parent\" data-id=\"73ad4011\" data-element_type=\"container\" data-e-type=\"container\" data-settings=\"{&quot;background_background&quot;:&quot;classic&quot;,&quot;animation&quot;:&quot;none&quot;}\">\n\t\t<div class=\"elementor-element elementor-element-5d378aa1 e-con-full animated-slow e-flex elementor-invisible e-con e-child\" data-id=\"5d378aa1\" data-element_type=\"container\" data-e-type=\"container\" data-settings=\"{&quot;animation&quot;:&quot;fadeInDown&quot;}\">\n\t\t<div class=\"elementor-element elementor-element-7a39cb19 e-flex e-con-boxed e-con e-child\" data-id=\"7a39cb19\" data-element_type=\"container\" data-e-type=\"container\" data-settings=\"{&quot;animation&quot;:&quot;none&quot;}\">\n\t\t\t\t\t<div class=\"e-con-inner\">\n\t\t\t\t<div class=\"elementor-element elementor-element-2c8d6e2b animated-slow elementor-invisible elementor-widget elementor-widget-text-editor\" data-id=\"2c8d6e2b\" data-element_type=\"widget\" data-e-type=\"widget\" data-settings=\"{&quot;_animation&quot;:&quot;fadeIn&quot;}\" data-widget_type=\"text-editor.default\">\n\t\t\t\t<div class=\"elementor-widget-container\">\n\t\t\t\t\t\t\t\t\t<p><b>\u00a0<\/b><\/p><p><b>Harmonie von Tradition und Transformation: Die Campbell Barracks in Heidelberg<\/b><\/p>\t\t\t\t\t\t\t\t<\/div>\n\t\t\t\t<\/div>\n\t\t\t\t<div class=\"elementor-element elementor-element-2f82ddde elementor-widget elementor-widget-spacer\" data-id=\"2f82ddde\" data-element_type=\"widget\" data-e-type=\"widget\" data-widget_type=\"spacer.default\">\n\t\t\t\t<div class=\"elementor-widget-container\">\n\t\t\t\t\t\t\t<div class=\"elementor-spacer\">\n\t\t\t<div class=\"elementor-spacer-inner\"><\/div>\n\t\t<\/div>\n\t\t\t\t\t\t<\/div>\n\t\t\t\t<\/div>\n\t\t\t\t<div class=\"elementor-element elementor-element-6a72777 elementor-widget elementor-widget-spacer\" data-id=\"6a72777\" data-element_type=\"widget\" data-e-type=\"widget\" data-widget_type=\"spacer.default\">\n\t\t\t\t<div class=\"elementor-widget-container\">\n\t\t\t\t\t\t\t<div class=\"elementor-spacer\">\n\t\t\t<div class=\"elementor-spacer-inner\"><\/div>\n\t\t<\/div>\n\t\t\t\t\t\t<\/div>\n\t\t\t\t<\/div>\n\t\t\t\t\t<\/div>\n\t\t\t\t<\/div>\n\t\t\t\t<\/div>\n\t\t\t\t<\/div>\n\t\t<div class=\"elementor-element elementor-element-588b8698 e-con-full animated-slow elementor-hidden-mobile e-flex e-con e-parent\" data-id=\"588b8698\" data-element_type=\"container\" data-e-type=\"container\" data-settings=\"{&quot;background_background&quot;:&quot;classic&quot;,&quot;animation&quot;:&quot;none&quot;}\">\n\t\t<div class=\"elementor-element elementor-element-66b9cb9e e-grid e-con-full e-con e-child\" data-id=\"66b9cb9e\" data-element_type=\"container\" data-e-type=\"container\">\n\t\t\t\t<div class=\"elementor-element elementor-element-109b8f5a animated-slow elementor-invisible elementor-widget elementor-widget-text-editor\" data-id=\"109b8f5a\" data-element_type=\"widget\" data-e-type=\"widget\" data-settings=\"{&quot;_animation&quot;:&quot;fadeInDown&quot;,&quot;_animation_delay&quot;:200}\" data-widget_type=\"text-editor.default\">\n\t\t\t\t<div class=\"elementor-widget-container\">\n\t\t\t\t\t\t\t\t\t<p>Historische <br \/><span style=\"font-style: inherit;\">Geb\u00e4udeensemble<\/span><\/p>\t\t\t\t\t\t\t\t<\/div>\n\t\t\t\t<\/div>\n\t\t\t\t<div class=\"elementor-element elementor-element-52364216 animated-slow elementor-invisible elementor-widget elementor-widget-text-editor\" data-id=\"52364216\" data-element_type=\"widget\" data-e-type=\"widget\" data-settings=\"{&quot;_animation&quot;:&quot;fadeInDown&quot;,&quot;_animation_delay&quot;:400}\" data-widget_type=\"text-editor.default\">\n\t\t\t\t<div class=\"elementor-widget-container\">\n\t\t\t\t\t\t\t\t\t<p>Auftraggeber\u00a0<br \/><span style=\"font-style: inherit;\">SSV-Architekten Heidelberg<\/span><\/p>\t\t\t\t\t\t\t\t<\/div>\n\t\t\t\t<\/div>\n\t\t\t\t<div class=\"elementor-element elementor-element-52aa3d00 animated-slow elementor-invisible elementor-widget elementor-widget-text-editor\" data-id=\"52aa3d00\" data-element_type=\"widget\" data-e-type=\"widget\" data-settings=\"{&quot;_animation&quot;:&quot;fadeInDown&quot;,&quot;_animation_delay&quot;:600}\" data-widget_type=\"text-editor.default\">\n\t\t\t\t<div class=\"elementor-widget-container\">\n\t\t\t\t\t\t\t\t\t<p>Fertigstellung<br \/>2023<\/p>\t\t\t\t\t\t\t\t<\/div>\n\t\t\t\t<\/div>\n\t\t\t\t<\/div>\n\t\t\t\t<\/div>\n\t\t<div class=\"elementor-element elementor-element-6d8b6937 e-con-full animated-slow e-flex e-con e-parent\" data-id=\"6d8b6937\" data-element_type=\"container\" data-e-type=\"container\" data-settings=\"{&quot;animation&quot;:&quot;none&quot;}\">\n\t\t<div class=\"elementor-element elementor-element-49252f1d e-flex e-con-boxed e-con e-child\" data-id=\"49252f1d\" data-element_type=\"container\" data-e-type=\"container\">\n\t\t\t\t\t<div class=\"e-con-inner\">\n\t\t\t\t<div class=\"elementor-element elementor-element-2a5e99cc elementor-widget elementor-widget-spacer\" data-id=\"2a5e99cc\" data-element_type=\"widget\" data-e-type=\"widget\" data-widget_type=\"spacer.default\">\n\t\t\t\t<div class=\"elementor-widget-container\">\n\t\t\t\t\t\t\t<div class=\"elementor-spacer\">\n\t\t\t<div class=\"elementor-spacer-inner\"><\/div>\n\t\t<\/div>\n\t\t\t\t\t\t<\/div>\n\t\t\t\t<\/div>\n\t\t\t\t<div class=\"elementor-element elementor-element-55cb924d elementor-widget elementor-widget-text-editor\" data-id=\"55cb924d\" data-element_type=\"widget\" data-e-type=\"widget\" data-widget_type=\"text-editor.default\">\n\t\t\t\t<div class=\"elementor-widget-container\">\n\t\t\t\t\t\t\t\t\t<p><b>Historische Bedeutung und neue Perspektiven:<\/b> Die Campbell Barracks in Heidelberg, urspr\u00fcnglich 1938 als Gro\u00dfdeutschlandkaserne im Dritten Reich errichtet, war nach dem Zweiten Weltkrieg ein bedeutendes NATO-Hauptquartier und spielte eine zentrale Rolle w\u00e4hrend des Kalten Krieges. Nach 70 Jahren milit\u00e4rischer Nutzung erlebt das Areal nun eine Transformation zu einem zivilen Stadtteil, der modernen Wohnformen, B\u00fcrofl\u00e4chen, Gastronomie, Kultur und Infrastruktur Raum bietet.<\/p><p><b>St\u00e4dtebauliche Integration:<\/b> Das Gesamtkonzept des Gebiets, das sich durch einen integrativen Masterplanprozess entwickelt hat, vereint das historische Erbe der Kaserne mit zukunftsorientierten Neubauten. Besonders pr\u00e4gnant ist die Bewahrung des denkmalgesch\u00fctzten Ensembles rund um den Parade- und Reitplatz, das die Identit\u00e4t des Ortes wahrt und gleichzeitig neue Impulse f\u00fcr die S\u00fcdstadt von Heidelberg setzt.<\/p><p><b>Das H-Geb\u00e4ude als zentrales Element:<\/b> Das markante H-Geb\u00e4ude, bestehend aus den ehemaligen Geb\u00e4uden 12 und 14 sowie dem nachtr\u00e4glich hinzugef\u00fcgten, abh\u00f6rsicheren Mittelbau, wurde bewusst erhalten und unterstreicht den Charakter der Transformation. Mit wenigen Eingriffen in die Fassade und einem modernen Glasaufbau im Mittelbau erh\u00e4lt das Ensemble eine klare Identit\u00e4t als Symbol f\u00fcr die neue zivile Nutzung des Areals. Die R\u00e4ume wurden funktional umgestaltet, um eine vielseitige Nutzung zu erm\u00f6glichen, darunter B\u00fcros, ein Co-Working-Space, eine Kita und gastronomische Einrichtungen.<\/p>\t\t\t\t\t\t\t\t<\/div>\n\t\t\t\t<\/div>\n\t\t\t\t<div class=\"elementor-element elementor-element-7e9a8e30 elementor-widget elementor-widget-spacer\" data-id=\"7e9a8e30\" data-element_type=\"widget\" data-e-type=\"widget\" data-widget_type=\"spacer.default\">\n\t\t\t\t<div class=\"elementor-widget-container\">\n\t\t\t\t\t\t\t<div class=\"elementor-spacer\">\n\t\t\t<div class=\"elementor-spacer-inner\"><\/div>\n\t\t<\/div>\n\t\t\t\t\t\t<\/div>\n\t\t\t\t<\/div>\n\t\t\t\t\t<\/div>\n\t\t\t\t<\/div>\n\t\t\t\t<\/div>\n\t\t<div class=\"elementor-element elementor-element-53d918e6 e-con-full animated-slow elementor-hidden-mobile e-flex e-con e-parent\" data-id=\"53d918e6\" data-element_type=\"container\" data-e-type=\"container\" data-settings=\"{&quot;background_background&quot;:&quot;classic&quot;,&quot;animation&quot;:&quot;none&quot;}\">\n\t\t\t\t<\/div>\n\t\t<div class=\"elementor-element elementor-element-6022aca8 e-grid e-con-full e-con e-parent\" data-id=\"6022aca8\" data-element_type=\"container\" data-e-type=\"container\">\n\t\t\t\t<div class=\"elementor-element elementor-element-4750b2d6 elementor-widget elementor-widget-counter\" data-id=\"4750b2d6\" data-element_type=\"widget\" data-e-type=\"widget\" data-widget_type=\"counter.default\">\n\t\t\t\t<div class=\"elementor-widget-container\">\n\t\t\t\t\t\t\t<div class=\"elementor-counter\">\n\t\t\t<div class=\"elementor-counter-title\">m\u00b2 Grundfl\u00e4che<\/div>\t\t\t<div class=\"elementor-counter-number-wrapper\">\n\t\t\t\t<span class=\"elementor-counter-number-prefix\"><\/span>\n\t\t\t\t<span class=\"elementor-counter-number\" data-duration=\"2500\" data-to-value=\"16000\" data-from-value=\"0\" data-delimiter=\".\">0<\/span>\n\t\t\t\t<span class=\"elementor-counter-number-suffix\"><\/span>\n\t\t\t<\/div>\n\t\t<\/div>\n\t\t\t\t\t\t<\/div>\n\t\t\t\t<\/div>\n\t\t\t\t<div class=\"elementor-element elementor-element-5687553f elementor-widget elementor-widget-counter\" data-id=\"5687553f\" data-element_type=\"widget\" data-e-type=\"widget\" data-widget_type=\"counter.default\">\n\t\t\t\t<div class=\"elementor-widget-container\">\n\t\t\t\t\t\t\t<div class=\"elementor-counter\">\n\t\t\t<div class=\"elementor-counter-title\">Geb\u00e4ude<\/div>\t\t\t<div class=\"elementor-counter-number-wrapper\">\n\t\t\t\t<span class=\"elementor-counter-number-prefix\"><\/span>\n\t\t\t\t<span class=\"elementor-counter-number\" data-duration=\"2500\" data-to-value=\"3\" data-from-value=\"0\" data-delimiter=\",\">0<\/span>\n\t\t\t\t<span class=\"elementor-counter-number-suffix\"><\/span>\n\t\t\t<\/div>\n\t\t<\/div>\n\t\t\t\t\t\t<\/div>\n\t\t\t\t<\/div>\n\t\t\t\t<div class=\"elementor-element elementor-element-5a878024 elementor-widget elementor-widget-counter\" data-id=\"5a878024\" data-element_type=\"widget\" data-e-type=\"widget\" data-widget_type=\"counter.default\">\n\t\t\t\t<div class=\"elementor-widget-container\">\n\t\t\t\t\t\t\t<div class=\"elementor-counter\">\n\t\t\t<div class=\"elementor-counter-title\">m\u00b2 Glasaufbau<\/div>\t\t\t<div class=\"elementor-counter-number-wrapper\">\n\t\t\t\t<span class=\"elementor-counter-number-prefix\"><\/span>\n\t\t\t\t<span class=\"elementor-counter-number\" data-duration=\"2500\" data-to-value=\"444\" data-from-value=\"0\" data-delimiter=\",\">0<\/span>\n\t\t\t\t<span class=\"elementor-counter-number-suffix\"><\/span>\n\t\t\t<\/div>\n\t\t<\/div>\n\t\t\t\t\t\t<\/div>\n\t\t\t\t<\/div>\n\t\t\t\t<\/div>\n\t\t\t\t<\/div>\n\t\t","protected":false},"excerpt":{"rendered":"<p>\u00a0 Harmonie von Tradition und Transformation: Die Campbell Barracks in Heidelberg Historische Geb\u00e4udeensemble Auftraggeber\u00a0SSV-Architekten Heidelberg Fertigstellung2023 Historische Bedeutung und neue [&hellip;]<\/p>\n","protected":false},"author":1,"featured_media":0,"parent":0,"menu_order":0,"comment_status":"closed","ping_status":"closed","template":"elementor_header_footer","meta":{"site-sidebar-layout":"no-sidebar","site-content-layout":"","ast-site-content-layout":"full-width-container","site-content-style":"default","site-sidebar-style":"default","ast-global-header-display":"","ast-banner-title-visibility":"","ast-main-header-display":"","ast-hfb-above-header-display":"","ast-hfb-below-header-display":"","ast-hfb-mobile-header-display":"","site-post-title":"disabled","ast-breadcrumbs-content":"","ast-featured-img":"disabled","footer-sml-layout":"","theme-transparent-header-meta":"","adv-header-id-meta":"","stick-header-meta":"","header-above-stick-meta":"","header-main-stick-meta":"","header-below-stick-meta":"","astra-migrate-meta-layouts":"default","ast-page-background-enabled":"default","ast-page-background-meta":{"desktop":{"background-color":"var(--ast-global-color-4)","background-image":"","background-repeat":"repeat","background-position":"center center","background-size":"auto","background-attachment":"scroll","background-type":"","background-media":"","overlay-type":"","overlay-color":"","overlay-opacity":"","overlay-gradient":""},"tablet":{"background-color":"","background-image":"","background-repeat":"repeat","background-position":"center center","background-size":"auto","background-attachment":"scroll","background-type":"","background-media":"","overlay-type":"","overlay-color":"","overlay-opacity":"","overlay-gradient":""},"mobile":{"background-color":"","background-image":"","background-repeat":"repeat","background-position":"center center","background-size":"auto","background-attachment":"scroll","background-type":"","background-media":"","overlay-type":"","overlay-color":"","overlay-opacity":"","overlay-gradient":""}},"ast-content-background-meta":{"desktop":{"background-color":"var(--ast-global-color-5)","background-image":"","background-repeat":"repeat","background-position":"center center","background-size":"auto","background-attachment":"scroll","background-type":"","background-media":"","overlay-type":"","overlay-color":"","overlay-opacity":"","overlay-gradient":""},"tablet":{"background-color":"var(--ast-global-color-5)","background-image":"","background-repeat":"repeat","background-position":"center center","background-size":"auto","background-attachment":"scroll","background-type":"","background-media":"","overlay-type":"","overlay-color":"","overlay-opacity":"","overlay-gradient":""},"mobile":{"background-color":"var(--ast-global-color-5)","background-image":"","background-repeat":"repeat","background-position":"center center","background-size":"auto","background-attachment":"scroll","background-type":"","background-media":"","overlay-type":"","overlay-color":"","overlay-opacity":"","overlay-gradient":""}},"footnotes":""},"class_list":["post-1907","page","type-page","status-publish","hentry"],"_links":{"self":[{"href":"https:\/\/launch2023.pohlmann-architektur.de\/index.php?rest_route=\/wp\/v2\/pages\/1907","targetHints":{"allow":["GET"]}}],"collection":[{"href":"https:\/\/launch2023.pohlmann-architektur.de\/index.php?rest_route=\/wp\/v2\/pages"}],"about":[{"href":"https:\/\/launch2023.pohlmann-architektur.de\/index.php?rest_route=\/wp\/v2\/types\/page"}],"author":[{"embeddable":true,"href":"https:\/\/launch2023.pohlmann-architektur.de\/index.php?rest_route=\/wp\/v2\/users\/1"}],"replies":[{"embeddable":true,"href":"https:\/\/launch2023.pohlmann-architektur.de\/index.php?rest_route=%2Fwp%2Fv2%2Fcomments&post=1907"}],"version-history":[{"count":35,"href":"https:\/\/launch2023.pohlmann-architektur.de\/index.php?rest_route=\/wp\/v2\/pages\/1907\/revisions"}],"predecessor-version":[{"id":2231,"href":"https:\/\/launch2023.pohlmann-architektur.de\/index.php?rest_route=\/wp\/v2\/pages\/1907\/revisions\/2231"}],"wp:attachment":[{"href":"https:\/\/launch2023.pohlmann-architektur.de\/index.php?rest_route=%2Fwp%2Fv2%2Fmedia&parent=1907"}],"curies":[{"name":"wp","href":"https:\/\/api.w.org\/{rel}","templated":true}]}}